{"id":420,"date":"2025-05-26T10:05:03","date_gmt":"2025-05-26T08:05:03","guid":{"rendered":"https:\/\/staging.agoraa.it\/?page_id=420"},"modified":"2026-04-16T13:24:11","modified_gmt":"2026-04-16T11:24:11","slug":"certificazioni","status":"publish","type":"page","link":"https:\/\/staging.agoraa.it\/?page_id=420","title":{"rendered":"Certificazioni"},"content":{"rendered":"\t\t<div data-elementor-type=\"wp-page\" data-elementor-id=\"420\" class=\"elementor elementor-420\">\n\t\t\t\t<div class=\"aux-parallax-section elementor-element elementor-element-de8dc90 e-flex e-con-boxed e-con e-parent\" data-id=\"de8dc90\" data-element_type=\"container\" data-e-type=\"container\" data-settings=\"{&quot;background_background&quot;:&quot;slideshow&quot;,&quot;background_slideshow_gallery&quot;:[{&quot;id&quot;:882,&quot;url&quot;:&quot;https:\\\/\\\/staging.agoraa.it\\\/wp-content\\\/uploads\\\/2025\\\/05\\\/hero-image-2.jpg&quot;}],&quot;background_slideshow_loop&quot;:&quot;yes&quot;,&quot;background_slideshow_slide_duration&quot;:5000,&quot;background_slideshow_slide_transition&quot;:&quot;fade&quot;,&quot;background_slideshow_transition_duration&quot;:500}\">\n\t\t\t\t\t<div class=\"e-con-inner\">\n\t\t<div class=\"elementor-element elementor-element-575ec41 e-con-full e-flex e-con e-child\" data-id=\"575ec41\" data-element_type=\"container\" data-e-type=\"container\">\n\t\t<div class=\"elementor-element elementor-element-819b22d e-con-full e-flex e-con e-child\" data-id=\"819b22d\" data-element_type=\"container\" data-e-type=\"container\">\n\t\t<div class=\"elementor-element elementor-element-82543aa inner e-con-full e-flex e-con e-child\" data-id=\"82543aa\" data-element_type=\"container\" data-e-type=\"container\">\n\t\t\t\t<div class=\"elementor-element elementor-element-d86fc3b elementor-widget__width-initial aux-appear-watch-animation aux-fade-in-custom elementor-widget-divider--view-line elementor-widget elementor-widget-divider\" data-id=\"d86fc3b\" data-element_type=\"widget\" data-e-type=\"widget\" data-widget_type=\"divider.default\">\n\t\t\t\t<div class=\"elementor-widget-container\">\n\t\t\t\t\t\t\t<div class=\"elementor-divider\">\n\t\t\t<span class=\"elementor-divider-separator\">\n\t\t\t\t\t\t<\/span>\n\t\t<\/div>\n\t\t\t\t\t\t<\/div>\n\t\t\t\t<\/div>\n\t\t\t\t<\/div>\n\t\t\t\t<\/div>\n\t\t\t\t<div class=\"elementor-element elementor-element-5e7145b aux-appear-watch-animation aux-slide-from-top elementor-widget elementor-widget-aux_modern_heading\" data-id=\"5e7145b\" data-element_type=\"widget\" data-e-type=\"widget\" data-widget_type=\"aux_modern_heading.default\">\n\t\t\t\t<div class=\"elementor-widget-container\">\n\t\t\t\t\t<section class=\"aux-widget-modern-heading\">\n            <div class=\"aux-widget-inner\"><h1 class=\"aux-modern-heading-primary\"><\/h1><h1 class=\"aux-modern-heading-secondary\"><span class=\"aux-head-highlight\">Certificazioni<\/span><\/h1><\/div>\n        <\/section>\t\t\t\t<\/div>\n\t\t\t\t<\/div>\n\t\t\t\t<\/div>\n\t\t\t\t\t<\/div>\n\t\t\t\t<\/div>\n\t\t<div class=\"aux-parallax-section elementor-element elementor-element-1b9726f e-flex e-con-boxed e-con e-parent\" data-id=\"1b9726f\" data-element_type=\"container\" data-e-type=\"container\">\n\t\t\t\t\t<div class=\"e-con-inner\">\n\t\t<div class=\"elementor-element elementor-element-f6bafc6 e-con-full e-flex e-con e-child\" data-id=\"f6bafc6\" data-element_type=\"container\" data-e-type=\"container\">\n\t\t\t\t<\/div>\n\t\t<div class=\"elementor-element elementor-element-5361022 e-con-full e-flex e-con e-child\" data-id=\"5361022\" data-element_type=\"container\" data-e-type=\"container\">\n\t\t\t\t<div class=\"elementor-element elementor-element-466e7bd elementor-widget elementor-widget-text-editor\" data-id=\"466e7bd\" data-element_type=\"widget\" data-e-type=\"widget\" data-widget_type=\"text-editor.default\">\n\t\t\t\t<div class=\"elementor-widget-container\">\n\t\t\t\t\t\t\t\t\t<h2 style=\"font-weight: bold; margin-bottom: 15px;\">Certificazioni e Qualificazioni del Consorzio Stabile Agoraa<\/h2>\n<h3 style=\"font-weight: bold; margin-bottom: 15px; color: #00948f;\">Qualificazione SOA<\/h3>\n<p style=\"margin-bottom: 15px;\">Il Consorzio Stabile Agoraa, sulla base delle attuali adesioni, dispone delle seguenti categorie e classifiche SOA. Il numero delle categorie e gli importi delle classifiche si incrementano con l&#8217;aumento delle adesioni.<\/p>\n<h3 style=\"font-weight: bold; margin-bottom: 15px; color: #00948f;\">Certificazioni di Sistema<\/h3>\n<p style=\"margin-bottom: 15px;\">Il Consorzio \u00e8 dotato di un sistema integrato di certificazioni che garantisce qualit\u00e0, sicurezza, sostenibilit\u00e0 ambientale e responsabilit\u00e0 sociale in ogni fase operativa.<\/p>\n<h3 style=\"font-weight: bold; margin-bottom: 15px; color: #00948f;\">Rating di Legalit\u00e0<\/h3>\n<p style=\"margin-bottom: 15px;\">Il Consorzio Stabile Agoraa \u00e8 titolare del <strong>Rating di Legalit\u00e0 con 3 stellette<\/strong>, il massimo punteggio attribuito dall&#8217;Autorit\u00e0 Garante della Concorrenza e del Mercato (AGCM).<\/p>\n<h3 style=\"font-weight: bold; margin-bottom: 15px; color: #00948f;\">White List<\/h3>\n<p style=\"margin-bottom: 15px;\">Il Consorzio \u00e8 regolarmente iscritto nella <strong>White List<\/strong> della Prefettura, attestazione antimafia che certifica l&#8217;assenza di tentativi di infiltrazione mafiosa.<\/p>\n<h4 style=\"font-weight: bold; margin-bottom: 15px;\">Allegati<\/h4>\n<ul style=\"list-style-type: disc; margin-left: 20px; margin-bottom: 15px;\">\n<li><a href=\"https:\/\/staging.agoraa.it\/wp-content\/uploads\/2025\/05\/lasoatech.it_20200902_102608.pdf\" target=\"_blank\" rel=\"noopener\">Attestato SOA<\/a><\/li>\n<li><a href=\"https:\/\/staging.agoraa.it\/wp-content\/uploads\/2025\/05\/iso_9001_-_2015.pdf\" target=\"_blank\" rel=\"noopener\">ISO 9001:2015 &#8211; Gestione della Qualit\u00e0<\/a><\/li>\n<li><a href=\"https:\/\/staging.agoraa.it\/wp-content\/uploads\/2025\/05\/8084A-Certifikat-14001_15_Italy_It_SNAS_IRACAB_Master_1905.pdf\" target=\"_blank\" rel=\"noopener\">ISO 14001:2015 &#8211; Gestione Ambientale<\/a><\/li>\n<li><a href=\"https:\/\/staging.agoraa.it\/wp-content\/uploads\/2025\/05\/OHSAS-18001-2007.pdf\" target=\"_blank\" rel=\"noopener\">ISO 18001:2007 &#8211; Salute e Sicurezza sul Lavoro<\/a><\/li>\n<li><a href=\"https:\/\/staging.agoraa.it\/wp-content\/uploads\/2025\/05\/1509A-COS.STABILE-AGORA_8000.pdf\" target=\"_blank\" rel=\"noopener\">SA 8000:2014 &#8211; Responsabilit\u00e0 Sociale<\/a><\/li>\n<li><a href=\"https:\/\/staging.agoraa.it\/wp-content\/uploads\/2025\/05\/iso_37001.pdf\" target=\"_blank\" rel=\"noopener\">ISO 37001:2016 &#8211; Sistemi Anti-corruzione<\/a><\/li>\n<li><a href=\"https:\/\/staging.agoraa.it\/wp-content\/uploads\/2025\/05\/iso_39001.pdf\" target=\"_blank\" rel=\"noopener\">ISO 39001:2016 &#8211; Sicurezza Stradale<\/a><\/li>\n<li><a href=\"https:\/\/staging.agoraa.it\/wp-content\/uploads\/2025\/05\/ISO-39001.pdf\" target=\"_blank\" rel=\"noopener\">ISO 39001:2012 &#8211; Sicurezza Stradale<\/a><\/li>\n<li><a href=\"https:\/\/staging.agoraa.it\/wp-content\/uploads\/2025\/05\/8786_Certifikat-50001_18_Italy_It_XXXX_XXXXXX_Master_1905.pdf\" target=\"_blank\" rel=\"noopener\">ISO 50001:2018 &#8211; Gestione dell&#8217;Energia<\/a><\/li>\n<li><a href=\"https:\/\/staging.agoraa.it\/wp-content\/uploads\/2025\/05\/rt4301_incremento.pdf\" target=\"_blank\" rel=\"noopener\">Rating di Legalit\u00e0<\/a><\/li>\n<li><a href=\"https:\/\/staging.agoraa.it\/wp-content\/uploads\/2025\/05\/dichiarazione-antimafia-scad.06.2020.pdf\" target=\"_blank\" rel=\"noopener\">Iscrizione White List<\/a><\/li>\n<\/ul>\n<p style=\"margin-top: 30px; font-size: 16px;\"><strong>Scopri anche i nostri <a href=\"\/riconoscimenti\/\" style=\"color: #00948f;\">Riconoscimenti e Premi<\/a><\/strong><\/p>\t\t\t\t\t\t\t\t<\/div>\n\t\t\t\t<\/div>\n\t\t\t\t<\/div>\n\t\t<div class=\"elementor-element elementor-element-c1b0f28 e-con-full e-flex e-con e-child\" data-id=\"c1b0f28\" data-element_type=\"container\" data-e-type=\"container\">\n\t\t\t\t<\/div>\n\t\t\t\t\t<\/div>\n\t\t\t\t<\/div>\n\t\t\t\t<\/div>\n\t\t","protected":false},"excerpt":{"rendered":"<p>Certificazioni Certificazioni e Qualificazioni del Consorzio Stabile Agoraa Qualificazione SOA Il Consorzio Stabile Agoraa, sulla base delle attuali adesioni, dispone delle seguenti categorie e classifiche SOA. Il numero delle categorie e gli importi delle classifiche si incrementano con l&#8217;aumento delle adesioni. Certificazioni di Sistema Il Consorzio \u00e8 dotato di un sistema integrato di certificazioni che [&hellip;]<\/p>\n","protected":false},"author":1,"featured_media":0,"parent":0,"menu_order":0,"comment_status":"closed","ping_status":"closed","template":"templates\/page-builder-content.php","meta":{"footnotes":""},"class_list":["post-420","page","type-page","status-publish","hentry"],"_links":{"self":[{"href":"https:\/\/staging.agoraa.it\/index.php?rest_route=\/wp\/v2\/pages\/420","targetHints":{"allow":["GET"]}}],"collection":[{"href":"https:\/\/staging.agoraa.it\/index.php?rest_route=\/wp\/v2\/pages"}],"about":[{"href":"https:\/\/staging.agoraa.it\/index.php?rest_route=\/wp\/v2\/types\/page"}],"author":[{"embeddable":true,"href":"https:\/\/staging.agoraa.it\/index.php?rest_route=\/wp\/v2\/users\/1"}],"replies":[{"embeddable":true,"href":"https:\/\/staging.agoraa.it\/index.php?rest_route=%2Fwp%2Fv2%2Fcomments&post=420"}],"version-history":[{"count":21,"href":"https:\/\/staging.agoraa.it\/index.php?rest_route=\/wp\/v2\/pages\/420\/revisions"}],"predecessor-version":[{"id":1502,"href":"https:\/\/staging.agoraa.it\/index.php?rest_route=\/wp\/v2\/pages\/420\/revisions\/1502"}],"wp:attachment":[{"href":"https:\/\/staging.agoraa.it\/index.php?rest_route=%2Fwp%2Fv2%2Fmedia&parent=420"}],"curies":[{"name":"wp","href":"https:\/\/api.w.org\/{rel}","templated":true}]}}